{"id":12,"date":"2019-12-16T21:56:21","date_gmt":"2019-12-16T20:56:21","guid":{"rendered":"http:\/\/127.0.0.1\/?page_id=12"},"modified":"2022-06-09T15:20:10","modified_gmt":"2022-06-09T13:20:10","slug":"collections","status":"publish","type":"page","link":"https:\/\/colette-brunschwig.com\/?page_id=12","title":{"rendered":"Collections"},"content":{"rendered":"\n<p><strong>COLLECTIONS<\/strong><br><\/p>\n\n\n\n<p>Nombreuses collections priv\u00e9es en France, Grande-Bretagne,U.S.A, Japon,   Isra\u00ebl, Canada, Su\u00e8de et Belgique<\/p>\n\n\n\n<p><strong>1970 \/ 1990<\/strong> <\/p>\n\n\n\n<p>Collections BNP PARIBAS<\/p>\n\n\n\n<p><strong>1971 \/ 1976 \/ 1977<\/strong><\/p>\n\n\n\n<p>Achat du Mus\u00e9e National d\u2019Art Moderne de Paris.&nbsp;&nbsp;&nbsp;&nbsp;<\/p>\n\n\n\n<p><strong>1988<\/strong><\/p>\n\n\n\n<p>Achat du Centre Georges Pompidou<\/p>\n\n\n\n<p><strong>2001<\/strong><\/p>\n\n\n\n<p>Achat du Mus\u00e9e des Beaux-Arts de Caen<\/p>\n\n\n\n<p><strong>2006<\/strong><\/p>\n\n\n\n<p>Achat du Fonds National d\u2019Art Contemporain (CNAP)<\/p>\n\n\n\n<p><strong>2022<\/strong><\/p>\n\n\n\n<p>Achat du Fonds R\u00e9gional d\u2019Art Contemporain Occitanie \u2013 Toulouse (Les Abattoirs Mus\u00e9e)<\/p>\n","protected":false},"excerpt":{"rendered":"<p>COLLECTIONS Nombreuses collections priv\u00e9es en France, Grande-Bretagne,U.S.A, Japon, Isra\u00ebl, Canada, Su\u00e8de et Belgique 1970 \/ 1990 Collections BNP PARIBAS 1971 \/ 1976 \/ 1977 Achat du Mus\u00e9e National d\u2019Art Moderne de Paris.&nbsp;&nbsp;&nbsp;&nbsp; 1988 Achat du Centre Georges Pompidou 2001 Achat &hellip; <a href=\"https:\/\/colette-brunschwig.com\/?page_id=12\">Continuer la lecture <span class=\"meta-nav\">&rarr;<\/span><\/a><\/p>\n","protected":false},"author":1,"featured_media":0,"parent":0,"menu_order":0,"comment_status":"closed","ping_status":"closed","template":"showcase.php","meta":{"footnotes":""},"class_list":["post-12","page","type-page","status-publish","hentry"],"_links":{"self":[{"href":"https:\/\/colette-brunschwig.com\/index.php?rest_route=\/wp\/v2\/pages\/12","targetHints":{"allow":["GET"]}}],"collection":[{"href":"https:\/\/colette-brunschwig.com\/index.php?rest_route=\/wp\/v2\/pages"}],"about":[{"href":"https:\/\/colette-brunschwig.com\/index.php?rest_route=\/wp\/v2\/types\/page"}],"author":[{"embeddable":true,"href":"https:\/\/colette-brunschwig.com\/index.php?rest_route=\/wp\/v2\/users\/1"}],"replies":[{"embeddable":true,"href":"https:\/\/colette-brunschwig.com\/index.php?rest_route=%2Fwp%2Fv2%2Fcomments&post=12"}],"version-history":[{"count":1,"href":"https:\/\/colette-brunschwig.com\/index.php?rest_route=\/wp\/v2\/pages\/12\/revisions"}],"predecessor-version":[{"id":114,"href":"https:\/\/colette-brunschwig.com\/index.php?rest_route=\/wp\/v2\/pages\/12\/revisions\/114"}],"wp:attachment":[{"href":"https:\/\/colette-brunschwig.com\/index.php?rest_route=%2Fwp%2Fv2%2Fmedia&parent=12"}],"curies":[{"name":"wp","href":"https:\/\/api.w.org\/{rel}","templated":true}]}}